{"id":401,"date":"2024-04-05T21:34:07","date_gmt":"2024-04-05T19:34:07","guid":{"rendered":"https:\/\/produccion.gob.bo\/?page_id=401"},"modified":"2025-08-26T10:27:49","modified_gmt":"2025-08-26T14:27:49","slug":"pei-descargable","status":"publish","type":"page","link":"https:\/\/produccion.gob.bo\/index.php\/pei-descargable\/","title":{"rendered":"Plan Estrat\u00e9gico Institucional (PEI)"},"content":{"rendered":"\n<p><\/p>\n\n\n\n<h4 class=\"wp-block-heading\">Principios y valores institucionales<\/h4>\n\n\n\n<p><\/p>\n\n\n\n<p><strong>Principios institucionales<\/strong><\/p>\n\n\n\n<p>Los principios en los que se fundamenta el MDPyEP son:<\/p>\n\n\n\n<ul class=\"wp-block-list\">\n<li><strong>\u00c9tica<\/strong>: Compromiso efectivo del servidor y servidora p\u00fablica con los valores y principios establecidos en la Constituci\u00f3n Pol\u00edtica del Estado que los conducen a un correcto desempe\u00f1o personal y laboral.<\/li>\n\n\n\n<li><strong>Igualdad<\/strong>: Reconocimiento pleno del derecho a ejercer la funci\u00f3n p\u00fablica, sin ning\u00fan tipo de discriminaci\u00f3n, otorgando un trato equitativo sin distinci\u00f3n de ninguna naturaleza a toda la poblaci\u00f3n.<\/li>\n\n\n\n<li><strong>Transparencia<\/strong>. Pr\u00e1ctica y manejo visible de los recursos del Estado por parte de los servidores p\u00fablicos y personas naturales y jur\u00eddicas que prestan servicios o comprometan recursos del Estado; para que brinden acceso a toda informaci\u00f3n en forma veraz, oportuna, comprensible y confiable.<\/li>\n\n\n\n<li><strong>Eficiencia<\/strong>. Cumplimiento de los objetivos y de las metas trazadas optimizando los recursos disponibles oportunamente.<\/li>\n\n\n\n<li><strong>Eficacia<\/strong>. Alcanzar los resultados programados orientados a lograr impactos en la sociedad.<\/li>\n\n\n\n<li><strong>Calidad<\/strong>. Atributos aplicados en el desempe\u00f1o laboral orientado a la prestaci\u00f3n de \u00f3ptimos servicios p\u00fablicos.<\/li>\n\n\n\n<li><strong>Honestidad<\/strong>. Actuar correctamente en el desempe\u00f1o de la funci\u00f3n p\u00fablica, con base en la verdad, transparencia y justicia.<\/li>\n\n\n\n<li><strong>Responsabilidad<\/strong>. Asumir las consecuencias de los actos y omisiones en el desempe\u00f1o de la funci\u00f3n p\u00fablica.<\/li>\n\n\n\n<li><strong>Armon\u00eda y equilibrio con la Madre Tierra. <\/strong>El desarrollo productivo se implementar\u00e1 en un marco de convivencia arm\u00f3nica con la naturaleza, su respeto y defensa.<\/li>\n\n\n\n<li><strong>Compromiso<\/strong>. Adhesi\u00f3n voluntaria y plena a los lineamientos, actividades y directrices emanadas por la instituci\u00f3n.<\/li>\n<\/ul>\n\n\n\n<p><strong>Valores institucionales<\/strong> <\/p>\n\n\n\n<p>Los valores que promueven las servidoras y servidores p\u00fablicos del MDPyEP son:<\/p>\n\n\n\n<ul class=\"wp-block-list\">\n<li><strong>Unidad<\/strong>. Integraci\u00f3n arm\u00f3nica de las diferentes relaciones sociales y laborales.<\/li>\n\n\n\n<li><strong>Dignidad<\/strong>. Atributo que el servidor y servidora p\u00fablica adquiere por la conducta \u00edntegra e id\u00f3nea en el comportamiento personal y desempe\u00f1o de sus funciones.<\/li>\n\n\n\n<li><strong>Inclusi\u00f3n<\/strong>. Integraci\u00f3n de los diferentes sectores sociales en la definici\u00f3n e implementaci\u00f3n de las pol\u00edticas p\u00fablicas.<\/li>\n\n\n\n<li><strong>Solidaridad<\/strong>. Identificarse con las necesidades y\/o pretensiones del otro y responder con efectividad a las mismas.<\/li>\n\n\n\n<li><strong>Respeto<\/strong>. Consideraci\u00f3n de cualidades y realidades personales distintas, entre los servidores y servidoras p\u00fablicas y de \u00e9stos con los ciudadanos, y el reconocimiento que se logra por la conducta id\u00f3nea que los servidores y servidoras p\u00fablicas aplican en el ejercicio de sus funciones.<\/li>\n\n\n\n<li><strong>Armon\u00eda<\/strong>. Condiciones que generan un ambiente fraterno para el adecuado desarrollo de las funciones del servidor y servidora p\u00fablica en correspondencia a sus habilidades, particularidades.<\/li>\n\n\n\n<li><strong>Equidad<\/strong>. Eliminaci\u00f3n de las asimetr\u00edas, cualidad que determina que las relaciones sociales se desarrollen hacia la igualdad, la reciprocidad, el equilibrio y la armon\u00eda.<\/li>\n\n\n\n<li><strong>Complementariedad<\/strong>. Armonizaci\u00f3n de cualidades y competencias distintas para el logro de objetivos comunes, as\u00ed como la articulaci\u00f3n de los actos p\u00fablicos con el entorno ambiental y social para preservar su organizaci\u00f3n y evitar su deterioro y efectos destructivos.<\/li>\n\n\n\n<li><strong>Reciprocidad<\/strong>. Acto \u00e9tico y moral de los seres humanos, la capacidad y la comprensi\u00f3n de valorar las acciones y responder al mandato del soberano con el ejercicio de las funciones de administraci\u00f3n p\u00fablica basados en los principios y valores del Vivir Bien.<\/li>\n<\/ul>\n\n\n\n<h4 class=\"wp-block-heading\">Objetivos y Estrategias Institucionales <\/h4>\n\n\n\n<div class=\"wp-block-group\"><div class=\"wp-block-group__inner-container is-layout-constrained wp-block-group-is-layout-constrained\">\n<div class=\"wp-block-columns is-layout-flex wp-container-core-columns-is-layout-9d6595d7 wp-block-columns-is-layout-flex\">\n<div class=\"wp-block-column is-layout-flow wp-block-column-is-layout-flow\" style=\"flex-basis:100%\">\n<details class=\"wp-block-details is-layout-flow wp-block-details-is-layout-flow\"><summary><\/summary>\n<figure class=\"wp-block-table alignleft is-style-stripes\"><table class=\"has-cyan-bluish-gray-color has-white-background-color has-text-color has-background has-link-color has-fixed-layout\"><thead><tr><th>Resultado PDES \/PSDI<\/th><th>Objetivos Estrat\u00e9gicos Institucionales<\/th><\/tr><\/thead><tbody><tr><td>Se ha fortalecido la gesti\u00f3n empresarial de las empresas estrat\u00e9gicas del estado.<\/td><td>1 Fortalecer la gesti\u00f3n empresarial de las empresas estrat\u00e9gicas del estado.<\/td><\/tr><tr><td><br>Se cuenta con producci\u00f3n nacional en los sectores agr\u00edcolas, textil, farmac\u00e9utico y fertilizantes, que sustituyen importaciones.<\/td><td>2 Apoyar a la producci\u00f3n de productos sustitutos de importaci\u00f3n de alimenticios de consumo<\/td><\/tr><tr><td><\/td><td>3 Diversificar la industria nacional en el marco de la sustituci\u00f3n de importaciones<\/td><\/tr><tr><td>Se ha impulsado nuevas l\u00edneas de producci\u00f3n textil nacional hacia la sustituci\u00f3n de importaciones.<\/td><td>4 Impulsar nuevas l\u00edneas de producci\u00f3n textil nacional hacia la sustituci\u00f3n de importaciones.<\/td><\/tr><tr><td>Se ha incrementado la participaci\u00f3n de las unidades productivas (grandes, medianas, peque\u00f1as, micros) y artesanos en el mercado interno con producci\u00f3n nacional hecho en Bolivia, fortaleciendo los sistemas de calidad y las capacidades de producci\u00f3n, para la sustituci\u00f3n de importaciones.<\/td><td>5 Incrementar la participaci\u00f3n de las unidades productivas (grandes, medianas, peque\u00f1as, micros) y artesanos en el mercado interno con producci\u00f3n nacional hecho en Bolivia, fortaleciendo los sistemas de calidad y las capacidades de producci\u00f3n, para la sustituci\u00f3n de importaciones.<\/td><\/tr><tr><td><\/td><td>6 Contar con un sistema nacional de la calidad que integra como componentes la acreditaci\u00f3n, normalizaci\u00f3n, metrolog\u00eda, certificaci\u00f3n y la evaluaci\u00f3n de la conformidad que permite mejorar la competitividad en la industria.<\/td><\/tr><tr><td><\/td><td>7 Incrementar el monitoreo de registro ambiental a las unidades econ\u00f3micas para controlar al sector industrial y promueven el desarrollo local en armon\u00eda con la madre tierra.<\/td><\/tr><tr><td>Se ha diversificado la producci\u00f3n de la industria l\u00e1ctea.<\/td><td>8 Diversificar la producci\u00f3n de la industria l\u00e1ctea.<\/td><\/tr><tr><td>Se cuenta con centros de investigaci\u00f3n, innovaci\u00f3n y desarrollo (I+I+D).<\/td><td>9 Implementar centros de investigaci\u00f3n de desarrollo (I+I+D).<\/td><\/tr><tr><td>Se ha consolidado la industria nacional de cuero en el mercado interno.<\/td><td>10 Consolidar la industria nacional de cuero en el mercado interno.<\/td><\/tr><tr><td>Se cuenta con una industria de producci\u00f3n de cam\u00e9lidos y derivados con valor agregado.<\/td><td>11 Implementar la industria de producci\u00f3n de cam\u00e9lidos y derivados con valor agregado.<\/td><\/tr><tr><td>La mitad de la producci\u00f3n de alimentos consumidos por la poblaci\u00f3n nacional es producida por los peque\u00f1os productores y organizaciones econ\u00f3micas comunitarias.<\/td><td>12 Apoyar a la producci\u00f3n de alimentos consumidos por la poblaci\u00f3n nacional es producida por los peque\u00f1os productores y organizaciones econ\u00f3micas comunitarias.<\/td><\/tr><tr><td>Se cuenta con mayor producci\u00f3n y productividad con diversificaci\u00f3n de la producci\u00f3n agr\u00edcola para la industria y provisi\u00f3n de alimentos, considerando la econom\u00eda plural.<\/td><td>13 Apoyar a la producci\u00f3n y productividad con diversificaci\u00f3n de la producci\u00f3n agr\u00edcola para la industria y provisi\u00f3n de alimentos, considerando la econom\u00eda plural.<\/td><\/tr><tr><td>Se ha consolidado una gesti\u00f3n p\u00fablica transparente a trav\u00e9s de la publicaci\u00f3n de informaci\u00f3n de las entidades y empresas p\u00fablicas bajo tuici\u00f3n del MDPyEP.<\/td><td>14 Consolidar una gesti\u00f3n p\u00fablica transparente a trav\u00e9s de la publicaci\u00f3n de informaci\u00f3n del MDPyEP.<\/td><\/tr><tr><td>Se ha promovido la eficiencia y buen uso de los recursos en la administraci\u00f3n p\u00fablica.<\/td><td>15 Promover la eficiencia y buen uso de los recursos en el MDPyEP.<\/td><\/tr><tr><td>Se cuenta con producci\u00f3n nacional en los sectores agr\u00edcolas, textil, farmac\u00e9utico y fertilizantes, que sustituyen importaciones.<\/td><td>16 Diversificar la industria nacional en el marco de la sustituci\u00f3n de importaciones.<\/td><\/tr><tr><td>Se ha incrementado la participaci\u00f3n de las unidades productivas (grandes, medianas, peque\u00f1as, micros) y artesanos en el mercado interno con producci\u00f3n nacional hecho en Bolivia, fortaleciendo los sistemas de calidad y las capacidades de producci\u00f3n, para la sustituci\u00f3n de importaciones.<\/td><td>17 Posicionar la producci\u00f3n nacional a trav\u00e9s del Sello Hecho en Bolivia para la sustituci\u00f3n progresiva y sistem\u00e1tica de las importaciones.<\/td><\/tr><tr><td><\/td><td>18 Se ha fortalecido la propiedad intelectual.<\/td><\/tr><tr><td>Se ha consolidado la seguridad alimentaria con soberan\u00eda en productos alimenticios estrat\u00e9gicos que sustituyan importaciones.<\/td><td>19 Se ha dise\u00f1ado pol\u00edticas para coadyuvar al abastecimiento del mercado interno de productos estrat\u00e9gicos para la canasta familiar a trav\u00e9s de la implementaci\u00f3n de mecanismos de regulaci\u00f3n de exportaciones de los mismos, para disminuir en un 50% la importaci\u00f3n de alimentos b\u00e1sicos.<\/td><\/tr><tr><td>La mitad de la producci\u00f3n de alimentos consumidos por la poblaci\u00f3n nacional es producida por los peque\u00f1os productores y organizaciones econ\u00f3micas comunitarias.<\/td><td>20 Fortalecer la agricultura familiar de peque\u00f1os productores y organizaciones comunitarias, en producci\u00f3n y mercado, logrando incrementar de 25% al 35% en la comercializaci\u00f3n.<\/td><\/tr><tr><td>Se cuenta con mayor producci\u00f3n y productividad con diversificaci\u00f3n de la producci\u00f3n agr\u00edcola para la industria y provisi\u00f3n de alimentos, considerando la Econom\u00eda Plural.<\/td><td>21 Facilitar y promover el acceso a insumos y bienes de capital.<\/td><\/tr><tr><td>Se ha constituido la empresa nacional de log\u00edstica para mejorar las condiciones de transporte y comercializaci\u00f3n de los productos agropecuarios.<\/td><td>Se ha constituido la empresa nacional de log\u00edstica para mejorar las condiciones de transporte y comercializaci\u00f3n de los productos agropecuarios.<\/td><\/tr><tr><td>Se ha mejorado el posicionamiento de destino tur\u00edstico de Bolivia a nivel mundial.<\/td><td>23 Generar desarrollo tur\u00edstico sostenible incrementado el \u00edndice de competitividad nacional mediante los mecanismos de desarrollo tur\u00edstico en el marco de la pol\u00edtica nacional de desarrollo y competitividad tur\u00edstica.<\/td><\/tr><tr><td>Se cuenta con una estrategia para el desarrollo del turismo interno y de base comunitaria del pa\u00eds<\/td><td>24 Incrementar la estad\u00eda promedio del turismo interno mediante la diversificaci\u00f3n de la oferta tur\u00edstica de las 6 macroregiones y las redes de turismo de base comunitaria en el marco de la pol\u00edtica nacional de desarrollo del turismo interno.<\/td><\/tr><tr><td>Se posicion\u00f3 la imagen y marca tur\u00edstica \u201cdestino Bolivia\u201d del pa\u00eds como destino tur\u00edstico prioritario a nivel mundial.<\/td><td>25 Incrementar el flujo de visitantes extranjeros a partir de las estrategias de promoci\u00f3n internacional y el posicionamiento del destino Bolivia.<\/td><\/tr><tr><td>Se increment\u00f3 al menos en 10% el promedio de gasto tur\u00edstico al interior del pa\u00eds, a trav\u00e9s de las implementaci\u00f3n de los 14 complejos tur\u00edsticos.<\/td><td>26 Se han implementado los complejos tur\u00edsticos nacionales con la diversificaci\u00f3n de la oferta en las macroregiones de desarrollo tur\u00edstico.<\/td><\/tr><\/tbody><\/table><\/figure>\n<\/details>\n<\/div>\n<\/div>\n<\/div><\/div>\n\n\n<div class=\"widget widget_documentos_widget\">        <section\n            id=\"documentos\"><div class=\"container p-4\">\n    <div class=\"row\">\n        <div class=\"col-12 col-md-12\">\n            <article id=\"post-401\" class=\"post-401 page type-page status-publish hentry\">\n                <h4>\n                    Documentos                <\/h4>\n\n\n\n                <form id=\"form-buscar_documentos\" role=\"search\" method=\"get\" class=\"form-inline border border-0\" action=\"https:\/\/produccion.gob.bo\/index.php\/pei-descargable\/\">\n                    <div class=\"row align-items-end gy-3 pb-3\">\n\n                        <!-- Filtro A\u00f1o -->\n                        <div class=\"col-12 col-md-auto\">\n                            <label for=\"filtroAnioId\" class=\"icono-color form-label fw-semibold\">A\u00f1o<\/label>\n                            <select id=\"filtroAnioId\" name=\"anio\" class=\"form-select fondo-default texto-default\">\n                                <option value=\"\" selected>Seleccionar a\u00f1o<\/option>\n                                \n\n                                    <option value=\"2025\" >\n                                        2025                                    <\/option>\n                                \n\n                                    <option value=\"2024\" >\n                                        2024                                    <\/option>\n                                \n\n                                    <option value=\"2022\" >\n                                        2022                                    <\/option>\n                                \n\n                                    <option value=\"2019\" >\n                                        2019                                    <\/option>\n                                \n\n                                    <option value=\"2017\" >\n                                        2017                                    <\/option>\n                                                            <\/select>\n                        <\/div>\n\n                        <!-- Filtro Titulo -->\n\n                        <div class=\"col-12 col-md-auto\">\n                            <label for=\"filtroTituloId\" class=\"icono-color form-label fw-semibold\">Descripci\u00f3n<\/label>\n\n                            <div class=\"input-group texto-default\" style=\"display: flex !important; \">\n\n                                <input type=\"text\" id=\"filtroTituloId\" placeholder=\"Buscar por descripci\u00f3n\" name=\"titulo\" class=\"form-control fondo-default texto-default\" value=\"\">\n                                <button style=\"cursor: pointer;\" onclick=\"resetarFormulario('filtroTituloId', 'form-buscar_documentos' )\" class=\"input-group-text fondo-default\" id=\"clearInputdocumentos\"><i class=\"bi bi-x-circle-fill texto-default\"><\/i><\/button>\n                            <\/div>\n                        <\/div>\n\n                        <!-- Bot\u00f3n de B\u00fasqueda -->\n                        <div class=\"col-12 col-md-auto\">\n                            <button class=\"btn boton text-white\">Buscar en esta categoria <i class=\"bi bi-search\"><\/i><\/button>\n                        <\/div>\n                    <\/div>\n                <\/form>\n\n\n                <div class=\"table-responsive\">\n                    <table class=\"table\">\n                        <thead>\n                            <tr>\n                                <th class=\"titulo-columna\" scope=\"col\">A\u00f1o<\/th>\n                                <th class=\"titulo-columna\">Descripci\u00f3n<\/th>\n                                <th class=\"titulo-columna\" scope=\"col\">Documento<\/th>\n                            <\/tr>\n                        <\/thead>\n                        <tbody>\n                                                                <tr>\n                                        <td>2022<\/td>\n                                        <td>APROBACI\u00d3N DEL PLAN ESTRAT\u00c9GICO INSTITUCIONAL DEL MINISTERIO DE DESARROLLO PRODUCTIVO Y ECONOM\u00cdA PLURAL 2021 \u2013 2025<\/td>\n                                        <td>\n                                            <ul class=\"list-unstyled\">\n                                                <li><a href=\"https:\/\/produccion.gob.bo\/wp-content\/uploads\/2025\/08\/RM-138.-2022-PEI-MDPyEP-2021-2025-1_compressed-1.pdf\" target=\"_blank\"><i class=\"bi bi-file-earmark-pdf icono-pdf\"><\/i> Descargar archivo<\/a><\/li>\n                                            <\/ul>\n                                        <\/td>\n                                    <\/tr>\n                                                                    <tr>\n                                        <td>2019<\/td>\n                                        <td>MDPyEP PEI REFORMULADO FINAL 10_09_2018 v2 RM 171<\/td>\n                                        <td>\n                                            <ul class=\"list-unstyled\">\n                                                <li><a href=\"https:\/\/produccion.gob.bo\/wp-content\/uploads\/2025\/08\/MDPyEP-PSDI-REFORMULADO-RM-171-7_09_2018-1.pdf\" target=\"_blank\"><i class=\"bi bi-file-earmark-pdf icono-pdf\"><\/i> Descargar archivo<\/a><\/li>\n                                            <\/ul>\n                                        <\/td>\n                                    <\/tr>\n                                                                    <tr>\n                                        <td>2017<\/td>\n                                        <td>MDPyEP PEI 2016-2020 RM 030.2017<\/td>\n                                        <td>\n                                            <ul class=\"list-unstyled\">\n                                                <li><a href=\"https:\/\/produccion.gob.bo\/wp-content\/uploads\/2025\/08\/MDPyEP-PSD-2016-2020-RM-030-17-1.pdf\" target=\"_blank\"><i class=\"bi bi-file-earmark-pdf icono-pdf\"><\/i> Descargar archivo<\/a><\/li>\n                                            <\/ul>\n                                        <\/td>\n                                    <\/tr>\n                                                        <\/tbody>\n                    <\/table>\n                <\/div>\n\n\n                <nav aria-label=\"...\">\n                    <ul class=\"custom-pagination pagination justify-content-center\">\n                                            <\/ul>\n                <\/nav>\n            <\/article>\n        <\/div>\n    <\/div>\n<\/div>        <\/section>\n        <\/div>","protected":false},"excerpt":{"rendered":"<p>Principios y valores institucionales Principios institucionales Los principios en los que se fundamenta el MDPyEP son: Valores institucionales Los valores que promueven las servidoras y servidores p\u00fablicos del MDPyEP son: Objetivos y Estrategias Institucionales<\/p>\n","protected":false},"author":1,"featured_media":0,"parent":0,"menu_order":0,"comment_status":"closed","ping_status":"closed","template":"","meta":{"_acf_changed":false,"footnotes":"[]"},"class_list":["post-401","page","type-page","status-publish","hentry"],"acf":[],"_links":{"self":[{"href":"https:\/\/produccion.gob.bo\/index.php\/wp-json\/wp\/v2\/pages\/401","targetHints":{"allow":["GET"]}}],"collection":[{"href":"https:\/\/produccion.gob.bo\/index.php\/wp-json\/wp\/v2\/pages"}],"about":[{"href":"https:\/\/produccion.gob.bo\/index.php\/wp-json\/wp\/v2\/types\/page"}],"author":[{"embeddable":true,"href":"https:\/\/produccion.gob.bo\/index.php\/wp-json\/wp\/v2\/users\/1"}],"replies":[{"embeddable":true,"href":"https:\/\/produccion.gob.bo\/index.php\/wp-json\/wp\/v2\/comments?post=401"}],"version-history":[{"count":34,"href":"https:\/\/produccion.gob.bo\/index.php\/wp-json\/wp\/v2\/pages\/401\/revisions"}],"predecessor-version":[{"id":20410,"href":"https:\/\/produccion.gob.bo\/index.php\/wp-json\/wp\/v2\/pages\/401\/revisions\/20410"}],"wp:attachment":[{"href":"https:\/\/produccion.gob.bo\/index.php\/wp-json\/wp\/v2\/media?parent=401"}],"curies":[{"name":"wp","href":"https:\/\/api.w.org\/{rel}","templated":true}]}}