{"id":328,"date":"2024-04-05T21:30:59","date_gmt":"2024-04-05T19:30:59","guid":{"rendered":"https:\/\/produccion.gob.bo\/?page_id=328"},"modified":"2025-08-27T12:14:13","modified_gmt":"2025-08-27T16:14:13","slug":"descripcion-de-los-objetivos-y-funciones-principales-de-la-entidad-2","status":"publish","type":"page","link":"https:\/\/produccion.gob.bo\/index.php\/descripcion-de-los-objetivos-y-funciones-principales-de-la-entidad-2\/","title":{"rendered":"Objetivos y Estrategias Institucionales."},"content":{"rendered":"\n<p class=\"has-medium-font-size\">Plan Estrat\u00e9gico Institucional ajustado 2016-2020 se articula a los lineamientos estrat\u00e9gicos que contribuyen al logro de la diversificaci\u00f3n y crecimiento de la matriz productiva con valor agregado en el marco de la econom\u00eda plural, en base al desarrollo de los complejos productivos territoriales, cuyo desaf\u00edo abarca el periodo 2016-2020, con los pilares, metas, resultados y acciones del PDES.<\/p>\n\n\n\n<p>&nbsp;<\/p>\n","protected":false},"excerpt":{"rendered":"<p>Plan Estrat\u00e9gico Institucional ajustado 2016-2020 se articula a los lineamientos estrat\u00e9gicos que contribuyen al logro de la diversificaci\u00f3n y crecimiento de la matriz productiva con valor agregado en el marco de la econom\u00eda plural, en base al desarrollo de los complejos productivos territoriales, cuyo desaf\u00edo abarca el periodo 2016-2020, con los pilares, metas, resultados y [&hellip;]<\/p>\n","protected":false},"author":1,"featured_media":0,"parent":0,"menu_order":0,"comment_status":"closed","ping_status":"closed","template":"","meta":{"_acf_changed":false,"footnotes":""},"class_list":["post-328","page","type-page","status-publish","hentry"],"acf":[],"_links":{"self":[{"href":"https:\/\/produccion.gob.bo\/index.php\/wp-json\/wp\/v2\/pages\/328","targetHints":{"allow":["GET"]}}],"collection":[{"href":"https:\/\/produccion.gob.bo\/index.php\/wp-json\/wp\/v2\/pages"}],"about":[{"href":"https:\/\/produccion.gob.bo\/index.php\/wp-json\/wp\/v2\/types\/page"}],"author":[{"embeddable":true,"href":"https:\/\/produccion.gob.bo\/index.php\/wp-json\/wp\/v2\/users\/1"}],"replies":[{"embeddable":true,"href":"https:\/\/produccion.gob.bo\/index.php\/wp-json\/wp\/v2\/comments?post=328"}],"version-history":[{"count":16,"href":"https:\/\/produccion.gob.bo\/index.php\/wp-json\/wp\/v2\/pages\/328\/revisions"}],"predecessor-version":[{"id":19237,"href":"https:\/\/produccion.gob.bo\/index.php\/wp-json\/wp\/v2\/pages\/328\/revisions\/19237"}],"wp:attachment":[{"href":"https:\/\/produccion.gob.bo\/index.php\/wp-json\/wp\/v2\/media?parent=328"}],"curies":[{"name":"wp","href":"https:\/\/api.w.org\/{rel}","templated":true}]}}