{"id":321,"date":"2024-04-05T21:30:47","date_gmt":"2024-04-05T19:30:47","guid":{"rendered":"https:\/\/produccion.gob.bo\/?page_id=321"},"modified":"2025-08-27T12:12:54","modified_gmt":"2025-08-27T16:12:54","slug":"breve-historia-o-resena-sobre-la-creacion-y-evolucion-de-la-entidad","status":"publish","type":"page","link":"https:\/\/produccion.gob.bo\/index.php\/breve-historia-o-resena-sobre-la-creacion-y-evolucion-de-la-entidad\/","title":{"rendered":"Rese\u00f1a Hist\u00f3rica"},"content":{"rendered":"\n<p><\/p>\n\n\n\n<p class=\"has-medium-font-size\">En la d\u00e9cada de los a\u00f1os 80, la propuesta de la revoluci\u00f3n de 1952 ingreso en una profunda crisis, son imposiciones del modelo econ\u00f3mico neoliberal, bajo los lineamientos del Fondo Monetario Internacional (FMI) y del Banco Mundial (BM).<br>Entre 1985 y 2005, la actividad econ\u00f3mica nacional se sustent\u00f3 en el mercado, limitando la participaci\u00f3n directa del Estado y minimizando su rol regulador de la<br>actividad privada.<\/p>\n\n\n\n<p class=\"has-medium-font-size\">Desde el 2006, se inicia en el pa\u00eds la implementaci\u00f3n del Modelo Econ\u00f3mico Social, Comunitario y Productivo (MESCP) a partir de la recuperaci\u00f3n de los recursos naturales y la activa participaci\u00f3n del Estado en la econom\u00eda.<\/p>\n\n\n\n<p class=\"has-medium-font-size\">Este modelo adopta una pol\u00edtica productiva basada en la promoci\u00f3n del sector estrat\u00e9gico generador de excedentes, integrado por hidrocarburos, miner\u00eda, electricidad y recursos naturales, en la perspectiva de fortalecer el sector generador de ingresos y de empleo, representado las actividades agropecuarias, industriales manufactureras, artesanales, tur\u00edsticas, de vivienda y otros; as\u00ed como tambi\u00e9n la reducci\u00f3n de las desigualdades sociales y la mejora de las condiciones econ\u00f3micas de la poblaci\u00f3n a partir de la mejora de la distribuci\u00f3n de los ingresos nacionales.<\/p>\n\n\n\n<h4 class=\"wp-block-heading has-medium-font-size\">Marco legal&nbsp;<\/h4>\n\n\n\n<p class=\"has-medium-font-size\">El Ministerio de Desarrollo Productivo y Econom\u00eda Plural se crea mediante Decreto Supremo N\u00ba 29894, del 7 de febrero de 2009, sobre la base del ex Ministerio de Producci\u00f3n y Microempresa, ajustando su estructura org\u00e1nica.<\/p>\n\n\n\n<p class=\"has-medium-font-size\">Desarrollo Productivo significa transformar y generar valor agregado a los recursos naturales, considerando tanto la sostenibilidad ambiental como la satisfacci\u00f3n equilibrada de las necesidades humanas, individuales y colectivas. Los individuos percibir\u00e1n una remuneraci\u00f3n justa y digna, resultante de su trabajo productivo, que permite lograr bienestar para sus familias y contribuir con su esfuerzo al desarrollo de su comunidad.<\/p>\n\n\n\n<p class=\"has-medium-font-size\">Por su parte la Econom\u00eda Plural est\u00e1 constituida por las formas de organizaci\u00f3n econ\u00f3mica comunitaria estatal, privada y social cooperativa, las que podr\u00e1n constituir empresas mixtas (Art. 306 CPE).<\/p>\n\n\n\n<p class=\"has-medium-font-size\">En este marco el Ministerio de Desarrollo Productivo y Econom\u00eda Plural interviene en la construcci\u00f3n del nuevo modelo econ\u00f3mico en los siguientes tres niveles:<\/p>\n\n\n\n<p class=\"has-medium-font-size\"><strong>1er. Nivel. Empresas P\u00fablicas. \u2013<\/strong>&nbsp;A trav\u00e9s de la constituci\u00f3n de empresas p\u00fablicas estrat\u00e9gicas, como n\u00facleos dinamizadores del desarrollo productivo nacional.<\/p>\n\n\n\n<p class=\"has-medium-font-size\"><strong>2do Nivel. Empresas Mixtas. \u2013<\/strong>&nbsp;Con la conformaci\u00f3n de empresas mixtas (capitales p\u00fablicos y privados), que se constituyen en n\u00facleos dinamizadores del desarrollo productivo regional.<\/p>\n\n\n\n<p class=\"has-medium-font-size\"><strong>3er. Nivel. Emprendimientos Privados y Comunitarios<\/strong>. \u2013 Con el apoyo al desarrollo de iniciativas privadas, comunitarias y sociales cooperativas, para generar mayor empleo y mejor redistribuci\u00f3n del ingreso.<\/p>\n\n\n\n<p class=\"has-medium-font-size\">Mediante decreto Supremo N\u00ba 4257, 4 de junio de 2020, se incorpora en la estructura del Ministerio de Desarrollo Productivo y Econom\u00eda Plural, el Viceministerio de Turismo, se\u00f1alada en el Art\u00edculo 63 del Decreto Supremo N\u00b0 29894, de 7 de febrero de 2009, Organizaci\u00f3n del \u00d3rgano Ejecutivo, modificado por los Decretos Supremos N\u00b0 1659, de 24 de julio de 2013 y N\u00b0 3540, de 25 de abril de 2018.<\/p>\n\n\n\n<p class=\"has-medium-font-size\">Se mantienen las atribuciones del Viceministerio de Turismo establecidas en el Art\u00edculo 67 del Decreto Supremo N\u00b0 29894, de 7 de febrero de 2009, Organizaci\u00f3n del \u00d3rgano Ejecutivo, modificado por los Decretos Supremos N\u00b0 0429, de 10 de febrero de 2010 y N\u00b0 1479, de 30 de enero de 2013.<\/p>\n\n\n\n<figure class=\"wp-block-gallery has-nested-images columns-default is-cropped wp-block-gallery-1 is-layout-flex wp-block-gallery-is-layout-flex\"><\/figure>\n\n\n\n<p><\/p>\n","protected":false},"excerpt":{"rendered":"<p>En la d\u00e9cada de los a\u00f1os 80, la propuesta de la revoluci\u00f3n de 1952 ingreso en una profunda crisis, son imposiciones del modelo econ\u00f3mico neoliberal, bajo los lineamientos del Fondo Monetario Internacional (FMI) y del Banco Mundial (BM).Entre 1985 y 2005, la actividad econ\u00f3mica nacional se sustent\u00f3 en el mercado, limitando la participaci\u00f3n directa del [&hellip;]<\/p>\n","protected":false},"author":1,"featured_media":16967,"parent":0,"menu_order":0,"comment_status":"closed","ping_status":"closed","template":"","meta":{"_acf_changed":false,"footnotes":""},"class_list":["post-321","page","type-page","status-publish","has-post-thumbnail","hentry"],"acf":[],"_links":{"self":[{"href":"https:\/\/produccion.gob.bo\/index.php\/wp-json\/wp\/v2\/pages\/321","targetHints":{"allow":["GET"]}}],"collection":[{"href":"https:\/\/produccion.gob.bo\/index.php\/wp-json\/wp\/v2\/pages"}],"about":[{"href":"https:\/\/produccion.gob.bo\/index.php\/wp-json\/wp\/v2\/types\/page"}],"author":[{"embeddable":true,"href":"https:\/\/produccion.gob.bo\/index.php\/wp-json\/wp\/v2\/users\/1"}],"replies":[{"embeddable":true,"href":"https:\/\/produccion.gob.bo\/index.php\/wp-json\/wp\/v2\/comments?post=321"}],"version-history":[{"count":21,"href":"https:\/\/produccion.gob.bo\/index.php\/wp-json\/wp\/v2\/pages\/321\/revisions"}],"predecessor-version":[{"id":19234,"href":"https:\/\/produccion.gob.bo\/index.php\/wp-json\/wp\/v2\/pages\/321\/revisions\/19234"}],"wp:featuredmedia":[{"embeddable":true,"href":"https:\/\/produccion.gob.bo\/index.php\/wp-json\/wp\/v2\/media\/16967"}],"wp:attachment":[{"href":"https:\/\/produccion.gob.bo\/index.php\/wp-json\/wp\/v2\/media?parent=321"}],"curies":[{"name":"wp","href":"https:\/\/api.w.org\/{rel}","templated":true}]}}