{"id":17068,"date":"2025-05-07T21:53:32","date_gmt":"2025-05-07T19:53:32","guid":{"rendered":"https:\/\/produccion.gob.bo\/?page_id=17068"},"modified":"2025-10-03T15:34:32","modified_gmt":"2025-10-03T19:34:32","slug":"17068-2","status":"publish","type":"page","link":"https:\/\/produccion.gob.bo\/index.php\/17068-2\/","title":{"rendered":"Gesti\u00f3n de Denuncias"},"content":{"rendered":"\n<p>La Unidad de Transparencia y Lucha Contra la Corrupci\u00f3n, tiene como funci\u00f3n principal transparentar la gesti\u00f3n p\u00fablica, recepcionar y gestionar denuncias por posibles hechos o actos de corrupci\u00f3n, negativa de acceso a la informaci\u00f3n, falsedad de t\u00edtulos y\/o certificados acad\u00e9micos, atender denuncias por vulneraci\u00f3n al c\u00f3digo de \u00e9tica, promover la transparencia y luchar contra la corrupci\u00f3n, asegurar el acceso a la informaci\u00f3n p\u00fablica, promover la \u00e9tica e integridad p\u00fablica, y fortalecer la participaci\u00f3n ciudadana y el control social.&nbsp;Adem\u00e1s, se encarga de velar por el cumplimiento de la rendici\u00f3n p\u00fablica de cuentas, promoviendo la participaci\u00f3n ciudadana.<\/p>\n\n\n\n<p><strong>QUE PODEMOS DENUNCIAR ANTE LA UNIDAD DE TRANSPARENCIA Y LUCHA CONTRA LA CORRUPCI\u00d3N<\/strong><\/p>\n\n\n\n<ul class=\"wp-block-list\">\n<li>Hechos o actos de corrupci\u00f3n<\/li>\n\n\n\n<li>Negativa injustificada de acceso a la informaci\u00f3n <\/li>\n\n\n\n<li>Irregularidades o falsedad de t\u00edtulos, certificados acad\u00e9micos o profesionales de servidoras, servidores, ex servidoras o ex servidores p\u00fablicos<\/li>\n\n\n\n<li>Conductas anti\u00e9ticas. <\/li>\n<\/ul>\n\n\n\n<p>Las funciones de la Unidad de Transparencia y Lucha Contra la Corrupci\u00f3n se encuentran establecidas en la Ley N\u00b0 974 de Unidades de Transparencia y Lucha Contra la Corrupci\u00f3n y el C\u00f3digo de \u00c9tica.<\/p>\n\n\n\n<p><strong>QUIENES PUEDEN REALIZAR UNA DENUNCIA<\/strong><\/p>\n\n\n\n<p>Cualquier persona que tenga conocimiento de la comisi\u00f3n de un hecho o acto de corrupci\u00f3n, negativa injustificada de acceso a la informaci\u00f3n, falsedad de t\u00edtulos, certificados acad\u00e9micos o profesionales ya sea la persona v\u00edctima o cualquier persona que tenga informaci\u00f3n sobre el hecho.\u00a0<\/p>\n\n\n\n<p>O en el caso de denuncias por conductas anti\u00e9ticas, debe ser la persona afectas.<\/p>\n\n\n\n<ul class=\"wp-block-list\">\n<li>No tiene ning\u00fan costo.<\/li>\n\n\n\n<li>No necesita contar con un abogado.<\/li>\n\n\n\n<li>Se protege la identidad del denunciante.<\/li>\n<\/ul>\n\n\n\n<p><strong>C\u00d3MO Y DONDE PRESENTAR UNA DENUNCIA<\/strong><\/p>\n\n\n\n<ul class=\"wp-block-list\">\n<li>En las oficinas de la Unidad de Transparencia y Lucha Contra la Corrupci\u00f3n del Ministerio de Desarrollo Productivo y Econom\u00eda Plural, de manera verbal o escrita.<\/li>\n\n\n\n<li>Formulario de Denuncia del MDPyEP. Debe llenar las casillas del formulario y apretar el bot\u00f3n <strong>ENVIAR<\/strong>.. <a href=\"https:\/\/produccion.gob.bo\/index.php\/formulario-de-denuncias\/\"><strong><mark style=\"background-color:rgba(0, 0, 0, 0)\" class=\"has-inline-color has-luminous-vivid-orange-color\">Acceder al formulario de Denuncias -><\/mark><\/strong><\/a> <\/li>\n\n\n\n<li>A trav\u00e9s del Sistema SITPRECO 2 PLUS con ciudadan\u00eda digital. <a href=\"https:\/\/observatorio.gob.bo\/#\/\" target=\"_blank\" rel=\"noreferrer noopener\"><strong><mark style=\"background-color:rgba(0, 0, 0, 0)\" class=\"has-inline-color has-luminous-vivid-orange-color\">Acceder al sistema SITPRECO -><\/mark><\/strong><\/a><\/li>\n<\/ul>\n\n\n\n<p><\/p>\n\n\n\n<p><\/p>\n","protected":false},"excerpt":{"rendered":"<p>La Unidad de Transparencia y Lucha Contra la Corrupci\u00f3n, tiene como funci\u00f3n principal transparentar la gesti\u00f3n p\u00fablica, recepcionar y gestionar denuncias por posibles hechos o actos de corrupci\u00f3n, negativa de acceso a la informaci\u00f3n, falsedad de t\u00edtulos y\/o certificados acad\u00e9micos, atender denuncias por vulneraci\u00f3n al c\u00f3digo de \u00e9tica, promover la transparencia y luchar contra la [&hellip;]<\/p>\n","protected":false},"author":1,"featured_media":0,"parent":0,"menu_order":0,"comment_status":"closed","ping_status":"closed","template":"","meta":{"_acf_changed":false,"footnotes":""},"class_list":["post-17068","page","type-page","status-publish","hentry"],"acf":[],"_links":{"self":[{"href":"https:\/\/produccion.gob.bo\/index.php\/wp-json\/wp\/v2\/pages\/17068","targetHints":{"allow":["GET"]}}],"collection":[{"href":"https:\/\/produccion.gob.bo\/index.php\/wp-json\/wp\/v2\/pages"}],"about":[{"href":"https:\/\/produccion.gob.bo\/index.php\/wp-json\/wp\/v2\/types\/page"}],"author":[{"embeddable":true,"href":"https:\/\/produccion.gob.bo\/index.php\/wp-json\/wp\/v2\/users\/1"}],"replies":[{"embeddable":true,"href":"https:\/\/produccion.gob.bo\/index.php\/wp-json\/wp\/v2\/comments?post=17068"}],"version-history":[{"count":16,"href":"https:\/\/produccion.gob.bo\/index.php\/wp-json\/wp\/v2\/pages\/17068\/revisions"}],"predecessor-version":[{"id":22445,"href":"https:\/\/produccion.gob.bo\/index.php\/wp-json\/wp\/v2\/pages\/17068\/revisions\/22445"}],"wp:attachment":[{"href":"https:\/\/produccion.gob.bo\/index.php\/wp-json\/wp\/v2\/media?parent=17068"}],"curies":[{"name":"wp","href":"https:\/\/api.w.org\/{rel}","templated":true}]}}